{"id":187,"date":"2025-07-15T08:13:35","date_gmt":"2025-07-15T08:13:35","guid":{"rendered":"https:\/\/www.riavia.hu\/?page_id=187"},"modified":"2025-07-15T08:17:41","modified_gmt":"2025-07-15T08:17:41","slug":"foglalas","status":"publish","type":"page","link":"https:\/\/www.riavia.hu\/?page_id=187","title":{"rendered":"Foglal\u00e1s"},"content":{"rendered":"\r\n<div class=\"wp-block-bed-booking-calendar\"><div bb-widget-api-key=\"da37a296b5c1d4e4a801d24793c7a523cd5ce892\" bb-widget-type=\"calendar\" class=\"bb-widget-holder\" id=\"widgetHolder_7c7x9iiah\"><\/div><\/div>\r\n","protected":false},"excerpt":{"rendered":"","protected":false},"author":1,"featured_media":0,"parent":0,"menu_order":0,"comment_status":"closed","ping_status":"closed","template":"","meta":{"_monsterinsights_skip_tracking":false,"_monsterinsights_sitenote_active":false,"_monsterinsights_sitenote_note":"","_monsterinsights_sitenote_category":0,"footnotes":""},"class_list":["post-187","page","type-page","status-publish","hentry"],"yoast_head":"<!-- This site is optimized with the Yoast SEO plugin v27.5 - https:\/\/yoast.com\/product\/yoast-seo-wordpress\/ -->\n<title>Foglal\u00e1s - RiaVia Vend\u00e9gh\u00e1z<\/title>\n<meta name=\"robots\" content=\"index, follow, max-snippet:-1, max-image-preview:large, max-video-preview:-1\" \/>\n<link rel=\"canonical\" href=\"https:\/\/www.riavia.hu\/?page_id=187\" \/>\n<meta property=\"og:locale\" content=\"hu_HU\" \/>\n<meta property=\"og:type\" content=\"article\" \/>\n<meta property=\"og:title\" content=\"Foglal\u00e1s - RiaVia Vend\u00e9gh\u00e1z\" \/>\n<meta property=\"og:url\" content=\"https:\/\/www.riavia.hu\/?page_id=187\" \/>\n<meta property=\"og:site_name\" content=\"RiaVia Vend\u00e9gh\u00e1z\" \/>\n<meta property=\"article:modified_time\" content=\"2025-07-15T08:17:41+00:00\" \/>\n<meta name=\"twitter:card\" content=\"summary_large_image\" \/>\n<script type=\"application\/ld+json\" class=\"yoast-schema-graph\">{\"@context\":\"https:\\\/\\\/schema.org\",\"@graph\":[{\"@type\":\"WebPage\",\"@id\":\"https:\\\/\\\/www.riavia.hu\\\/?page_id=187\",\"url\":\"https:\\\/\\\/www.riavia.hu\\\/?page_id=187\",\"name\":\"Foglal\u00e1s - RiaVia Vend\u00e9gh\u00e1z\",\"isPartOf\":{\"@id\":\"https:\\\/\\\/www.riavia.hu\\\/#website\"},\"datePublished\":\"2025-07-15T08:13:35+00:00\",\"dateModified\":\"2025-07-15T08:17:41+00:00\",\"breadcrumb\":{\"@id\":\"https:\\\/\\\/www.riavia.hu\\\/?page_id=187#breadcrumb\"},\"inLanguage\":\"hu\",\"potentialAction\":[{\"@type\":\"ReadAction\",\"target\":[\"https:\\\/\\\/www.riavia.hu\\\/?page_id=187\"]}]},{\"@type\":\"BreadcrumbList\",\"@id\":\"https:\\\/\\\/www.riavia.hu\\\/?page_id=187#breadcrumb\",\"itemListElement\":[{\"@type\":\"ListItem\",\"position\":1,\"name\":\"Home\",\"item\":\"https:\\\/\\\/www.riavia.hu\\\/\"},{\"@type\":\"ListItem\",\"position\":2,\"name\":\"Foglal\u00e1s\"}]},{\"@type\":\"WebSite\",\"@id\":\"https:\\\/\\\/www.riavia.hu\\\/#website\",\"url\":\"https:\\\/\\\/www.riavia.hu\\\/\",\"name\":\"RiaVia Vend\u00e9gh\u00e1z\",\"description\":\"...a pihen\u00e9s szabads\u00e1ga...\",\"publisher\":{\"@id\":\"https:\\\/\\\/www.riavia.hu\\\/#organization\"},\"potentialAction\":[{\"@type\":\"SearchAction\",\"target\":{\"@type\":\"EntryPoint\",\"urlTemplate\":\"https:\\\/\\\/www.riavia.hu\\\/?s={search_term_string}\"},\"query-input\":{\"@type\":\"PropertyValueSpecification\",\"valueRequired\":true,\"valueName\":\"search_term_string\"}}],\"inLanguage\":\"hu\"},{\"@type\":\"Organization\",\"@id\":\"https:\\\/\\\/www.riavia.hu\\\/#organization\",\"name\":\"RiaVia Vend\u00e9gh\u00e1z\",\"url\":\"https:\\\/\\\/www.riavia.hu\\\/\",\"logo\":{\"@type\":\"ImageObject\",\"inLanguage\":\"hu\",\"@id\":\"https:\\\/\\\/www.riavia.hu\\\/#\\\/schema\\\/logo\\\/image\\\/\",\"url\":\"\",\"contentUrl\":\"\",\"caption\":\"RiaVia Vend\u00e9gh\u00e1z\"},\"image\":{\"@id\":\"https:\\\/\\\/www.riavia.hu\\\/#\\\/schema\\\/logo\\\/image\\\/\"}}]}<\/script>\n<!-- \/ Yoast SEO plugin. -->","yoast_head_json":{"title":"Foglal\u00e1s - RiaVia Vend\u00e9gh\u00e1z","robots":{"index":"index","follow":"follow","max-snippet":"max-snippet:-1","max-image-preview":"max-image-preview:large","max-video-preview":"max-video-preview:-1"},"canonical":"https:\/\/www.riavia.hu\/?page_id=187","og_locale":"hu_HU","og_type":"article","og_title":"Foglal\u00e1s - RiaVia Vend\u00e9gh\u00e1z","og_url":"https:\/\/www.riavia.hu\/?page_id=187","og_site_name":"RiaVia Vend\u00e9gh\u00e1z","article_modified_time":"2025-07-15T08:17:41+00:00","twitter_card":"summary_large_image","schema":{"@context":"https:\/\/schema.org","@graph":[{"@type":"WebPage","@id":"https:\/\/www.riavia.hu\/?page_id=187","url":"https:\/\/www.riavia.hu\/?page_id=187","name":"Foglal\u00e1s - RiaVia Vend\u00e9gh\u00e1z","isPartOf":{"@id":"https:\/\/www.riavia.hu\/#website"},"datePublished":"2025-07-15T08:13:35+00:00","dateModified":"2025-07-15T08:17:41+00:00","breadcrumb":{"@id":"https:\/\/www.riavia.hu\/?page_id=187#breadcrumb"},"inLanguage":"hu","potentialAction":[{"@type":"ReadAction","target":["https:\/\/www.riavia.hu\/?page_id=187"]}]},{"@type":"BreadcrumbList","@id":"https:\/\/www.riavia.hu\/?page_id=187#breadcrumb","itemListElement":[{"@type":"ListItem","position":1,"name":"Home","item":"https:\/\/www.riavia.hu\/"},{"@type":"ListItem","position":2,"name":"Foglal\u00e1s"}]},{"@type":"WebSite","@id":"https:\/\/www.riavia.hu\/#website","url":"https:\/\/www.riavia.hu\/","name":"RiaVia Vend\u00e9gh\u00e1z","description":"...a pihen\u00e9s szabads\u00e1ga...","publisher":{"@id":"https:\/\/www.riavia.hu\/#organization"},"potentialAction":[{"@type":"SearchAction","target":{"@type":"EntryPoint","urlTemplate":"https:\/\/www.riavia.hu\/?s={search_term_string}"},"query-input":{"@type":"PropertyValueSpecification","valueRequired":true,"valueName":"search_term_string"}}],"inLanguage":"hu"},{"@type":"Organization","@id":"https:\/\/www.riavia.hu\/#organization","name":"RiaVia Vend\u00e9gh\u00e1z","url":"https:\/\/www.riavia.hu\/","logo":{"@type":"ImageObject","inLanguage":"hu","@id":"https:\/\/www.riavia.hu\/#\/schema\/logo\/image\/","url":"","contentUrl":"","caption":"RiaVia Vend\u00e9gh\u00e1z"},"image":{"@id":"https:\/\/www.riavia.hu\/#\/schema\/logo\/image\/"}}]}},"_links":{"self":[{"href":"https:\/\/www.riavia.hu\/index.php?rest_route=\/wp\/v2\/pages\/187","targetHints":{"allow":["GET"]}}],"collection":[{"href":"https:\/\/www.riavia.hu\/index.php?rest_route=\/wp\/v2\/pages"}],"about":[{"href":"https:\/\/www.riavia.hu\/index.php?rest_route=\/wp\/v2\/types\/page"}],"author":[{"embeddable":true,"href":"https:\/\/www.riavia.hu\/index.php?rest_route=\/wp\/v2\/users\/1"}],"replies":[{"embeddable":true,"href":"https:\/\/www.riavia.hu\/index.php?rest_route=%2Fwp%2Fv2%2Fcomments&post=187"}],"version-history":[{"count":3,"href":"https:\/\/www.riavia.hu\/index.php?rest_route=\/wp\/v2\/pages\/187\/revisions"}],"predecessor-version":[{"id":194,"href":"https:\/\/www.riavia.hu\/index.php?rest_route=\/wp\/v2\/pages\/187\/revisions\/194"}],"wp:attachment":[{"href":"https:\/\/www.riavia.hu\/index.php?rest_route=%2Fwp%2Fv2%2Fmedia&parent=187"}],"curies":[{"name":"wp","href":"https:\/\/api.w.org\/{rel}","templated":true}]}}