{"id":21,"date":"2021-02-18T10:28:29","date_gmt":"2021-02-18T10:28:29","guid":{"rendered":"https:\/\/www.riavia.hu\/?page_id=21"},"modified":"2024-05-12T13:30:50","modified_gmt":"2024-05-12T13:30:50","slug":"riavia-vendeghaz-noszvaj","status":"publish","type":"page","link":"https:\/\/www.riavia.hu\/?page_id=21","title":{"rendered":"Gal\u00e9ria"},"content":{"rendered":"<figure id=\"attachment_69\" aria-describedby=\"caption-attachment-69\" style=\"width: 300px\" class=\"wp-caption alignnone\"><img loading=\"lazy\" decoding=\"async\" class=\"size-medium wp-image-69\" src=\"https:\/\/www.riavia.hu\/wp-content\/uploads\/2021\/04\/Noszvaj-1-300x211.jpg\" alt=\"Noszvaj l\u00e1tk\u00e9p\" width=\"300\" height=\"211\" srcset=\"https:\/\/www.riavia.hu\/wp-content\/uploads\/2021\/04\/Noszvaj-1-300x211.jpg 300w, https:\/\/www.riavia.hu\/wp-content\/uploads\/2021\/04\/Noszvaj-1-1024x721.jpg 1024w, https:\/\/www.riavia.hu\/wp-content\/uploads\/2021\/04\/Noszvaj-1-768x540.jpg 768w, https:\/\/www.riavia.hu\/wp-content\/uploads\/2021\/04\/Noszvaj-1-1536x1081.jpg 1536w, https:\/\/www.riavia.hu\/wp-content\/uploads\/2021\/04\/Noszvaj-1-2048x1441.jpg 2048w\" sizes=\"auto, (max-width: 300px) 100vw, 300px\" \/><figcaption id=\"caption-attachment-69\" class=\"wp-caption-text\">Noszvaj l\u00e1tk\u00e9p<\/figcaption><\/figure>\n<p><img loading=\"lazy\" decoding=\"async\" class=\"alignnone size-medium wp-image-169\" src=\"https:\/\/www.riavia.hu\/wp-content\/uploads\/2024\/05\/Screenshot_20240511-175134-kor-300x222.jpg\" alt=\"\" width=\"300\" height=\"222\" srcset=\"https:\/\/www.riavia.hu\/wp-content\/uploads\/2024\/05\/Screenshot_20240511-175134-kor-300x222.jpg 300w, https:\/\/www.riavia.hu\/wp-content\/uploads\/2024\/05\/Screenshot_20240511-175134-kor.jpg 720w\" sizes=\"auto, (max-width: 300px) 100vw, 300px\" \/><\/p>\n<p>RiaVia Vend\u00e9gh\u00e1z Noszvaj<\/p>\n<figure id=\"attachment_140\" aria-describedby=\"caption-attachment-140\" style=\"width: 300px\" class=\"wp-caption alignnone\"><img loading=\"lazy\" decoding=\"async\" class=\"size-medium wp-image-140\" src=\"https:\/\/www.riavia.hu\/wp-content\/uploads\/2021\/06\/RiaVia-Vendeghaz-Noszvaj-haz2-300x169.jpg\" alt=\"RiaVia Vendeghaz Noszvaj\" width=\"300\" height=\"169\" srcset=\"https:\/\/www.riavia.hu\/wp-content\/uploads\/2021\/06\/RiaVia-Vendeghaz-Noszvaj-haz2-300x169.jpg 300w, https:\/\/www.riavia.hu\/wp-content\/uploads\/2021\/06\/RiaVia-Vendeghaz-Noszvaj-haz2-1024x576.jpg 1024w, https:\/\/www.riavia.hu\/wp-content\/uploads\/2021\/06\/RiaVia-Vendeghaz-Noszvaj-haz2-768x432.jpg 768w, https:\/\/www.riavia.hu\/wp-content\/uploads\/2021\/06\/RiaVia-Vendeghaz-Noszvaj-haz2-1536x864.jpg 1536w, https:\/\/www.riavia.hu\/wp-content\/uploads\/2021\/06\/RiaVia-Vendeghaz-Noszvaj-haz2-2048x1152.jpg 2048w\" sizes=\"auto, (max-width: 300px) 100vw, 300px\" \/><figcaption id=\"caption-attachment-140\" class=\"wp-caption-text\">RiaVia Vend\u00e9gh\u00e1z Noszvaj<\/figcaption><\/figure>\n<p>&nbsp;<\/p>\n<p><img loading=\"lazy\" decoding=\"async\" class=\"size-medium wp-image-136\" src=\"https:\/\/www.riavia.hu\/wp-content\/uploads\/2021\/05\/RiaVia-Vendeghaz-terasza-169x300.jpg\" alt=\"RiaVia Vend\u00e9gh\u00e1z Noszvaj terasz\" width=\"169\" height=\"300\" srcset=\"https:\/\/www.riavia.hu\/wp-content\/uploads\/2021\/05\/RiaVia-Vendeghaz-terasza-169x300.jpg 169w, https:\/\/www.riavia.hu\/wp-content\/uploads\/2021\/05\/RiaVia-Vendeghaz-terasza-576x1024.jpg 576w, https:\/\/www.riavia.hu\/wp-content\/uploads\/2021\/05\/RiaVia-Vendeghaz-terasza-768x1366.jpg 768w, https:\/\/www.riavia.hu\/wp-content\/uploads\/2021\/05\/RiaVia-Vendeghaz-terasza-864x1536.jpg 864w, https:\/\/www.riavia.hu\/wp-content\/uploads\/2021\/05\/RiaVia-Vendeghaz-terasza.jpg 1102w\" sizes=\"auto, (max-width: 169px) 100vw, 169px\" \/><\/p>\n<p>RiaVia Vend\u00e9gh\u00e1z Noszvaj terasz<\/p>\n<figure id=\"attachment_111\" aria-describedby=\"caption-attachment-111\" style=\"width: 169px\" class=\"wp-caption alignnone\"><img loading=\"lazy\" decoding=\"async\" class=\"size-medium wp-image-111\" src=\"https:\/\/www.riavia.hu\/wp-content\/uploads\/2021\/04\/RiaVia-Vendeghaz-Noszvaj-konyha-etkezo-169x300.jpg\" alt=\"RiaVia Vend\u00e9ghaz Noszvaj sz\u00e1ll\u00e1s\" width=\"169\" height=\"300\" srcset=\"https:\/\/www.riavia.hu\/wp-content\/uploads\/2021\/04\/RiaVia-Vendeghaz-Noszvaj-konyha-etkezo-169x300.jpg 169w, https:\/\/www.riavia.hu\/wp-content\/uploads\/2021\/04\/RiaVia-Vendeghaz-Noszvaj-konyha-etkezo-576x1024.jpg 576w, https:\/\/www.riavia.hu\/wp-content\/uploads\/2021\/04\/RiaVia-Vendeghaz-Noszvaj-konyha-etkezo-768x1365.jpg 768w, https:\/\/www.riavia.hu\/wp-content\/uploads\/2021\/04\/RiaVia-Vendeghaz-Noszvaj-konyha-etkezo-864x1536.jpg 864w, https:\/\/www.riavia.hu\/wp-content\/uploads\/2021\/04\/RiaVia-Vendeghaz-Noszvaj-konyha-etkezo-1152x2048.jpg 1152w, https:\/\/www.riavia.hu\/wp-content\/uploads\/2021\/04\/RiaVia-Vendeghaz-Noszvaj-konyha-etkezo-scaled.jpg 1440w\" sizes=\"auto, (max-width: 169px) 100vw, 169px\" \/><figcaption id=\"caption-attachment-111\" class=\"wp-caption-text\">RiaVia Vend\u00e9gh\u00e1z Noszvaj konyha-\u00e9tkez\u0151<\/figcaption><\/figure>\n<figure id=\"attachment_117\" aria-describedby=\"caption-attachment-117\" style=\"width: 169px\" class=\"wp-caption alignnone\"><img loading=\"lazy\" decoding=\"async\" class=\"size-medium wp-image-117\" src=\"https:\/\/www.riavia.hu\/wp-content\/uploads\/2021\/04\/RiaVia-Vendeghaz-Noszvaj-konyha-etkezo2-169x300.jpg\" alt=\"RiaVia Vendeghaz Noszvaj konyha-etkezo2\" width=\"169\" height=\"300\" srcset=\"https:\/\/www.riavia.hu\/wp-content\/uploads\/2021\/04\/RiaVia-Vendeghaz-Noszvaj-konyha-etkezo2-169x300.jpg 169w, https:\/\/www.riavia.hu\/wp-content\/uploads\/2021\/04\/RiaVia-Vendeghaz-Noszvaj-konyha-etkezo2-576x1024.jpg 576w, https:\/\/www.riavia.hu\/wp-content\/uploads\/2021\/04\/RiaVia-Vendeghaz-Noszvaj-konyha-etkezo2-768x1365.jpg 768w, https:\/\/www.riavia.hu\/wp-content\/uploads\/2021\/04\/RiaVia-Vendeghaz-Noszvaj-konyha-etkezo2-864x1536.jpg 864w, https:\/\/www.riavia.hu\/wp-content\/uploads\/2021\/04\/RiaVia-Vendeghaz-Noszvaj-konyha-etkezo2-1152x2048.jpg 1152w, https:\/\/www.riavia.hu\/wp-content\/uploads\/2021\/04\/RiaVia-Vendeghaz-Noszvaj-konyha-etkezo2-scaled.jpg 1440w\" sizes=\"auto, (max-width: 169px) 100vw, 169px\" \/><figcaption id=\"caption-attachment-117\" class=\"wp-caption-text\">RiaVia Vend\u00e9gh\u00e1z Noszvaj konyha-\u00e9tkez\u0151<\/figcaption><\/figure>\n<p><img loading=\"lazy\" decoding=\"async\" class=\"alignnone size-medium wp-image-158\" src=\"https:\/\/www.riavia.hu\/wp-content\/uploads\/2024\/04\/IMG_20240324_104625-226x300.jpg\" alt=\"\" width=\"226\" height=\"300\" srcset=\"https:\/\/www.riavia.hu\/wp-content\/uploads\/2024\/04\/IMG_20240324_104625-226x300.jpg 226w, https:\/\/www.riavia.hu\/wp-content\/uploads\/2024\/04\/IMG_20240324_104625-771x1024.jpg 771w, https:\/\/www.riavia.hu\/wp-content\/uploads\/2024\/04\/IMG_20240324_104625-768x1020.jpg 768w, https:\/\/www.riavia.hu\/wp-content\/uploads\/2024\/04\/IMG_20240324_104625-1157x1536.jpg 1157w, https:\/\/www.riavia.hu\/wp-content\/uploads\/2024\/04\/IMG_20240324_104625-1542x2048.jpg 1542w, https:\/\/www.riavia.hu\/wp-content\/uploads\/2024\/04\/IMG_20240324_104625-scaled.jpg 1928w\" sizes=\"auto, (max-width: 226px) 100vw, 226px\" \/><\/p>\n<p><img loading=\"lazy\" decoding=\"async\" class=\"alignnone size-medium wp-image-162\" src=\"https:\/\/www.riavia.hu\/wp-content\/uploads\/2024\/04\/IMG_20240324_115328-226x300.jpg\" alt=\"\" width=\"226\" height=\"300\" srcset=\"https:\/\/www.riavia.hu\/wp-content\/uploads\/2024\/04\/IMG_20240324_115328-226x300.jpg 226w, https:\/\/www.riavia.hu\/wp-content\/uploads\/2024\/04\/IMG_20240324_115328-771x1024.jpg 771w, https:\/\/www.riavia.hu\/wp-content\/uploads\/2024\/04\/IMG_20240324_115328-768x1020.jpg 768w, https:\/\/www.riavia.hu\/wp-content\/uploads\/2024\/04\/IMG_20240324_115328-1157x1536.jpg 1157w, https:\/\/www.riavia.hu\/wp-content\/uploads\/2024\/04\/IMG_20240324_115328-1542x2048.jpg 1542w, https:\/\/www.riavia.hu\/wp-content\/uploads\/2024\/04\/IMG_20240324_115328-scaled.jpg 1928w\" sizes=\"auto, (max-width: 226px) 100vw, 226px\" \/><\/p>\n<p><img loading=\"lazy\" decoding=\"async\" class=\"alignnone size-medium wp-image-161\" src=\"https:\/\/www.riavia.hu\/wp-content\/uploads\/2024\/04\/IMG_20240324_105036-226x300.jpg\" alt=\"\" width=\"226\" height=\"300\" srcset=\"https:\/\/www.riavia.hu\/wp-content\/uploads\/2024\/04\/IMG_20240324_105036-226x300.jpg 226w, https:\/\/www.riavia.hu\/wp-content\/uploads\/2024\/04\/IMG_20240324_105036-771x1024.jpg 771w, https:\/\/www.riavia.hu\/wp-content\/uploads\/2024\/04\/IMG_20240324_105036-768x1020.jpg 768w, https:\/\/www.riavia.hu\/wp-content\/uploads\/2024\/04\/IMG_20240324_105036-1157x1536.jpg 1157w, https:\/\/www.riavia.hu\/wp-content\/uploads\/2024\/04\/IMG_20240324_105036-1542x2048.jpg 1542w, https:\/\/www.riavia.hu\/wp-content\/uploads\/2024\/04\/IMG_20240324_105036-scaled.jpg 1928w\" sizes=\"auto, (max-width: 226px) 100vw, 226px\" \/><\/p>\n<p><img loading=\"lazy\" decoding=\"async\" class=\"alignnone size-medium wp-image-157\" src=\"https:\/\/www.riavia.hu\/wp-content\/uploads\/2024\/04\/IMG_20240324_114858-1-226x300.jpg\" alt=\"\" width=\"226\" height=\"300\" srcset=\"https:\/\/www.riavia.hu\/wp-content\/uploads\/2024\/04\/IMG_20240324_114858-1-226x300.jpg 226w, https:\/\/www.riavia.hu\/wp-content\/uploads\/2024\/04\/IMG_20240324_114858-1-771x1024.jpg 771w, https:\/\/www.riavia.hu\/wp-content\/uploads\/2024\/04\/IMG_20240324_114858-1-768x1020.jpg 768w, https:\/\/www.riavia.hu\/wp-content\/uploads\/2024\/04\/IMG_20240324_114858-1-1157x1536.jpg 1157w, https:\/\/www.riavia.hu\/wp-content\/uploads\/2024\/04\/IMG_20240324_114858-1-1542x2048.jpg 1542w, https:\/\/www.riavia.hu\/wp-content\/uploads\/2024\/04\/IMG_20240324_114858-1-scaled.jpg 1928w\" sizes=\"auto, (max-width: 226px) 100vw, 226px\" \/><\/p>\n<p><img loading=\"lazy\" decoding=\"async\" class=\"alignnone size-medium wp-image-159\" src=\"https:\/\/www.riavia.hu\/wp-content\/uploads\/2024\/04\/IMG_20240324_115040-226x300.jpg\" alt=\"\" width=\"226\" height=\"300\" srcset=\"https:\/\/www.riavia.hu\/wp-content\/uploads\/2024\/04\/IMG_20240324_115040-226x300.jpg 226w, https:\/\/www.riavia.hu\/wp-content\/uploads\/2024\/04\/IMG_20240324_115040-771x1024.jpg 771w, https:\/\/www.riavia.hu\/wp-content\/uploads\/2024\/04\/IMG_20240324_115040-768x1020.jpg 768w, https:\/\/www.riavia.hu\/wp-content\/uploads\/2024\/04\/IMG_20240324_115040-1157x1536.jpg 1157w, https:\/\/www.riavia.hu\/wp-content\/uploads\/2024\/04\/IMG_20240324_115040-1542x2048.jpg 1542w, https:\/\/www.riavia.hu\/wp-content\/uploads\/2024\/04\/IMG_20240324_115040-scaled.jpg 1928w\" sizes=\"auto, (max-width: 226px) 100vw, 226px\" \/><\/p>\n<figure id=\"attachment_137\" aria-describedby=\"caption-attachment-137\" style=\"width: 169px\" class=\"wp-caption alignnone\"><img loading=\"lazy\" decoding=\"async\" class=\"size-medium wp-image-137\" src=\"https:\/\/www.riavia.hu\/wp-content\/uploads\/2021\/05\/RiaVia-Vendeghaz-Noszvaj-furdoszoba-2-169x300.jpg\" alt=\"RiaVia Vend\u00e9gh\u00e1z Noszvaj f\u00fcrd\u0151szoba-2\" width=\"169\" height=\"300\" srcset=\"https:\/\/www.riavia.hu\/wp-content\/uploads\/2021\/05\/RiaVia-Vendeghaz-Noszvaj-furdoszoba-2-169x300.jpg 169w, https:\/\/www.riavia.hu\/wp-content\/uploads\/2021\/05\/RiaVia-Vendeghaz-Noszvaj-furdoszoba-2-576x1024.jpg 576w, https:\/\/www.riavia.hu\/wp-content\/uploads\/2021\/05\/RiaVia-Vendeghaz-Noszvaj-furdoszoba-2-768x1365.jpg 768w, https:\/\/www.riavia.hu\/wp-content\/uploads\/2021\/05\/RiaVia-Vendeghaz-Noszvaj-furdoszoba-2-864x1536.jpg 864w, https:\/\/www.riavia.hu\/wp-content\/uploads\/2021\/05\/RiaVia-Vendeghaz-Noszvaj-furdoszoba-2-1152x2048.jpg 1152w, https:\/\/www.riavia.hu\/wp-content\/uploads\/2021\/05\/RiaVia-Vendeghaz-Noszvaj-furdoszoba-2-scaled.jpg 1440w\" sizes=\"auto, (max-width: 169px) 100vw, 169px\" \/><figcaption id=\"caption-attachment-137\" class=\"wp-caption-text\">RiaVia Vend\u00e9gh\u00e1z Noszvaj f\u00fcrd\u0151szoba-2<\/figcaption><\/figure>\n<p><img loading=\"lazy\" decoding=\"async\" class=\"alignnone size-medium wp-image-160\" src=\"https:\/\/www.riavia.hu\/wp-content\/uploads\/2024\/04\/IMG_20240324_101418-226x300.jpg\" alt=\"\" width=\"226\" height=\"300\" srcset=\"https:\/\/www.riavia.hu\/wp-content\/uploads\/2024\/04\/IMG_20240324_101418-226x300.jpg 226w, https:\/\/www.riavia.hu\/wp-content\/uploads\/2024\/04\/IMG_20240324_101418-771x1024.jpg 771w, https:\/\/www.riavia.hu\/wp-content\/uploads\/2024\/04\/IMG_20240324_101418-768x1020.jpg 768w, https:\/\/www.riavia.hu\/wp-content\/uploads\/2024\/04\/IMG_20240324_101418-1157x1536.jpg 1157w, https:\/\/www.riavia.hu\/wp-content\/uploads\/2024\/04\/IMG_20240324_101418-1542x2048.jpg 1542w, https:\/\/www.riavia.hu\/wp-content\/uploads\/2024\/04\/IMG_20240324_101418-scaled.jpg 1928w\" sizes=\"auto, (max-width: 226px) 100vw, 226px\" \/><\/p>\n<p>&nbsp;<\/p>\n<p>&nbsp;<\/p>\n","protected":false},"excerpt":{"rendered":"<p>RiaVia Vend\u00e9gh\u00e1z Noszvaj &nbsp; RiaVia Vend\u00e9gh\u00e1z Noszvaj terasz &nbsp; &nbsp;<\/p>\n","protected":false},"author":1,"featured_media":0,"parent":0,"menu_order":0,"comment_status":"closed","ping_status":"closed","template":"","meta":{"_monsterinsights_skip_tracking":false,"_monsterinsights_sitenote_active":false,"_monsterinsights_sitenote_note":"","_monsterinsights_sitenote_category":0,"footnotes":""},"class_list":["post-21","page","type-page","status-publish","hentry"],"yoast_head":"<!-- This site is optimized with the Yoast SEO plugin v27.5 - https:\/\/yoast.com\/product\/yoast-seo-wordpress\/ -->\n<title>Gal\u00e9ria - RiaVia Vend\u00e9gh\u00e1z<\/title>\n<meta name=\"description\" content=\"Noszvaj RiaVia Vend\u00e9gh\u00e1z konyha, falusi sz\u00e1ll\u00e1s, f\u00fcrd\u0151szob\u00e1s szob\u00e1k, 8-10 f\u0151 r\u00e9sz\u00e9re, parkos\u00edtott kert, terasz, z\u00e1rt parkol\u00e1si lehet\u0151s\u00e9g,\" \/>\n<meta name=\"robots\" content=\"index, follow, max-snippet:-1, max-image-preview:large, max-video-preview:-1\" \/>\n<link rel=\"canonical\" href=\"https:\/\/www.riavia.hu\/?page_id=21\" \/>\n<meta property=\"og:locale\" content=\"hu_HU\" \/>\n<meta property=\"og:type\" content=\"article\" \/>\n<meta property=\"og:title\" content=\"Gal\u00e9ria - RiaVia Vend\u00e9gh\u00e1z\" \/>\n<meta property=\"og:description\" content=\"Noszvaj RiaVia Vend\u00e9gh\u00e1z konyha, falusi sz\u00e1ll\u00e1s, f\u00fcrd\u0151szob\u00e1s szob\u00e1k, 8-10 f\u0151 r\u00e9sz\u00e9re, parkos\u00edtott kert, terasz, z\u00e1rt parkol\u00e1si lehet\u0151s\u00e9g,\" \/>\n<meta property=\"og:url\" content=\"https:\/\/www.riavia.hu\/?page_id=21\" \/>\n<meta property=\"og:site_name\" content=\"RiaVia Vend\u00e9gh\u00e1z\" \/>\n<meta property=\"article:modified_time\" content=\"2024-05-12T13:30:50+00:00\" \/>\n<meta property=\"og:image\" content=\"https:\/\/www.riavia.hu\/wp-content\/uploads\/2021\/04\/Noszvaj-1-300x211.jpg\" \/>\n<meta name=\"twitter:card\" content=\"summary_large_image\" \/>\n<meta name=\"twitter:label1\" content=\"Becs\u00fclt olvas\u00e1si id\u0151\" \/>\n\t<meta name=\"twitter:data1\" content=\"3 perc\" \/>\n<script type=\"application\/ld+json\" class=\"yoast-schema-graph\">{\"@context\":\"https:\\\/\\\/schema.org\",\"@graph\":[{\"@type\":\"WebPage\",\"@id\":\"https:\\\/\\\/www.riavia.hu\\\/?page_id=21\",\"url\":\"https:\\\/\\\/www.riavia.hu\\\/?page_id=21\",\"name\":\"Gal\u00e9ria - RiaVia Vend\u00e9gh\u00e1z\",\"isPartOf\":{\"@id\":\"https:\\\/\\\/www.riavia.hu\\\/#website\"},\"primaryImageOfPage\":{\"@id\":\"https:\\\/\\\/www.riavia.hu\\\/?page_id=21#primaryimage\"},\"image\":{\"@id\":\"https:\\\/\\\/www.riavia.hu\\\/?page_id=21#primaryimage\"},\"thumbnailUrl\":\"https:\\\/\\\/www.riavia.hu\\\/wp-content\\\/uploads\\\/2021\\\/04\\\/Noszvaj-1-300x211.jpg\",\"datePublished\":\"2021-02-18T10:28:29+00:00\",\"dateModified\":\"2024-05-12T13:30:50+00:00\",\"description\":\"Noszvaj RiaVia Vend\u00e9gh\u00e1z konyha, falusi sz\u00e1ll\u00e1s, f\u00fcrd\u0151szob\u00e1s szob\u00e1k, 8-10 f\u0151 r\u00e9sz\u00e9re, parkos\u00edtott kert, terasz, z\u00e1rt parkol\u00e1si lehet\u0151s\u00e9g,\",\"breadcrumb\":{\"@id\":\"https:\\\/\\\/www.riavia.hu\\\/?page_id=21#breadcrumb\"},\"inLanguage\":\"hu\",\"potentialAction\":[{\"@type\":\"ReadAction\",\"target\":[\"https:\\\/\\\/www.riavia.hu\\\/?page_id=21\"]}]},{\"@type\":\"ImageObject\",\"inLanguage\":\"hu\",\"@id\":\"https:\\\/\\\/www.riavia.hu\\\/?page_id=21#primaryimage\",\"url\":\"https:\\\/\\\/www.riavia.hu\\\/wp-content\\\/uploads\\\/2021\\\/04\\\/Noszvaj-1.jpg\",\"contentUrl\":\"https:\\\/\\\/www.riavia.hu\\\/wp-content\\\/uploads\\\/2021\\\/04\\\/Noszvaj-1.jpg\",\"width\":2336,\"height\":1644,\"caption\":\"Noszvaj l\u00e1tk\u00e9p\"},{\"@type\":\"BreadcrumbList\",\"@id\":\"https:\\\/\\\/www.riavia.hu\\\/?page_id=21#breadcrumb\",\"itemListElement\":[{\"@type\":\"ListItem\",\"position\":1,\"name\":\"Home\",\"item\":\"https:\\\/\\\/www.riavia.hu\\\/\"},{\"@type\":\"ListItem\",\"position\":2,\"name\":\"Gal\u00e9ria\"}]},{\"@type\":\"WebSite\",\"@id\":\"https:\\\/\\\/www.riavia.hu\\\/#website\",\"url\":\"https:\\\/\\\/www.riavia.hu\\\/\",\"name\":\"RiaVia Vend\u00e9gh\u00e1z\",\"description\":\"...a pihen\u00e9s szabads\u00e1ga...\",\"publisher\":{\"@id\":\"https:\\\/\\\/www.riavia.hu\\\/#organization\"},\"potentialAction\":[{\"@type\":\"SearchAction\",\"target\":{\"@type\":\"EntryPoint\",\"urlTemplate\":\"https:\\\/\\\/www.riavia.hu\\\/?s={search_term_string}\"},\"query-input\":{\"@type\":\"PropertyValueSpecification\",\"valueRequired\":true,\"valueName\":\"search_term_string\"}}],\"inLanguage\":\"hu\"},{\"@type\":\"Organization\",\"@id\":\"https:\\\/\\\/www.riavia.hu\\\/#organization\",\"name\":\"RiaVia Vend\u00e9gh\u00e1z\",\"url\":\"https:\\\/\\\/www.riavia.hu\\\/\",\"logo\":{\"@type\":\"ImageObject\",\"inLanguage\":\"hu\",\"@id\":\"https:\\\/\\\/www.riavia.hu\\\/#\\\/schema\\\/logo\\\/image\\\/\",\"url\":\"\",\"contentUrl\":\"\",\"caption\":\"RiaVia Vend\u00e9gh\u00e1z\"},\"image\":{\"@id\":\"https:\\\/\\\/www.riavia.hu\\\/#\\\/schema\\\/logo\\\/image\\\/\"}}]}<\/script>\n<!-- \/ Yoast SEO plugin. -->","yoast_head_json":{"title":"Gal\u00e9ria - RiaVia Vend\u00e9gh\u00e1z","description":"Noszvaj RiaVia Vend\u00e9gh\u00e1z konyha, falusi sz\u00e1ll\u00e1s, f\u00fcrd\u0151szob\u00e1s szob\u00e1k, 8-10 f\u0151 r\u00e9sz\u00e9re, parkos\u00edtott kert, terasz, z\u00e1rt parkol\u00e1si lehet\u0151s\u00e9g,","robots":{"index":"index","follow":"follow","max-snippet":"max-snippet:-1","max-image-preview":"max-image-preview:large","max-video-preview":"max-video-preview:-1"},"canonical":"https:\/\/www.riavia.hu\/?page_id=21","og_locale":"hu_HU","og_type":"article","og_title":"Gal\u00e9ria - RiaVia Vend\u00e9gh\u00e1z","og_description":"Noszvaj RiaVia Vend\u00e9gh\u00e1z konyha, falusi sz\u00e1ll\u00e1s, f\u00fcrd\u0151szob\u00e1s szob\u00e1k, 8-10 f\u0151 r\u00e9sz\u00e9re, parkos\u00edtott kert, terasz, z\u00e1rt parkol\u00e1si lehet\u0151s\u00e9g,","og_url":"https:\/\/www.riavia.hu\/?page_id=21","og_site_name":"RiaVia Vend\u00e9gh\u00e1z","article_modified_time":"2024-05-12T13:30:50+00:00","og_image":[{"url":"https:\/\/www.riavia.hu\/wp-content\/uploads\/2021\/04\/Noszvaj-1-300x211.jpg","type":"","width":"","height":""}],"twitter_card":"summary_large_image","twitter_misc":{"Becs\u00fclt olvas\u00e1si id\u0151":"3 perc"},"schema":{"@context":"https:\/\/schema.org","@graph":[{"@type":"WebPage","@id":"https:\/\/www.riavia.hu\/?page_id=21","url":"https:\/\/www.riavia.hu\/?page_id=21","name":"Gal\u00e9ria - RiaVia Vend\u00e9gh\u00e1z","isPartOf":{"@id":"https:\/\/www.riavia.hu\/#website"},"primaryImageOfPage":{"@id":"https:\/\/www.riavia.hu\/?page_id=21#primaryimage"},"image":{"@id":"https:\/\/www.riavia.hu\/?page_id=21#primaryimage"},"thumbnailUrl":"https:\/\/www.riavia.hu\/wp-content\/uploads\/2021\/04\/Noszvaj-1-300x211.jpg","datePublished":"2021-02-18T10:28:29+00:00","dateModified":"2024-05-12T13:30:50+00:00","description":"Noszvaj RiaVia Vend\u00e9gh\u00e1z konyha, falusi sz\u00e1ll\u00e1s, f\u00fcrd\u0151szob\u00e1s szob\u00e1k, 8-10 f\u0151 r\u00e9sz\u00e9re, parkos\u00edtott kert, terasz, z\u00e1rt parkol\u00e1si lehet\u0151s\u00e9g,","breadcrumb":{"@id":"https:\/\/www.riavia.hu\/?page_id=21#breadcrumb"},"inLanguage":"hu","potentialAction":[{"@type":"ReadAction","target":["https:\/\/www.riavia.hu\/?page_id=21"]}]},{"@type":"ImageObject","inLanguage":"hu","@id":"https:\/\/www.riavia.hu\/?page_id=21#primaryimage","url":"https:\/\/www.riavia.hu\/wp-content\/uploads\/2021\/04\/Noszvaj-1.jpg","contentUrl":"https:\/\/www.riavia.hu\/wp-content\/uploads\/2021\/04\/Noszvaj-1.jpg","width":2336,"height":1644,"caption":"Noszvaj l\u00e1tk\u00e9p"},{"@type":"BreadcrumbList","@id":"https:\/\/www.riavia.hu\/?page_id=21#breadcrumb","itemListElement":[{"@type":"ListItem","position":1,"name":"Home","item":"https:\/\/www.riavia.hu\/"},{"@type":"ListItem","position":2,"name":"Gal\u00e9ria"}]},{"@type":"WebSite","@id":"https:\/\/www.riavia.hu\/#website","url":"https:\/\/www.riavia.hu\/","name":"RiaVia Vend\u00e9gh\u00e1z","description":"...a pihen\u00e9s szabads\u00e1ga...","publisher":{"@id":"https:\/\/www.riavia.hu\/#organization"},"potentialAction":[{"@type":"SearchAction","target":{"@type":"EntryPoint","urlTemplate":"https:\/\/www.riavia.hu\/?s={search_term_string}"},"query-input":{"@type":"PropertyValueSpecification","valueRequired":true,"valueName":"search_term_string"}}],"inLanguage":"hu"},{"@type":"Organization","@id":"https:\/\/www.riavia.hu\/#organization","name":"RiaVia Vend\u00e9gh\u00e1z","url":"https:\/\/www.riavia.hu\/","logo":{"@type":"ImageObject","inLanguage":"hu","@id":"https:\/\/www.riavia.hu\/#\/schema\/logo\/image\/","url":"","contentUrl":"","caption":"RiaVia Vend\u00e9gh\u00e1z"},"image":{"@id":"https:\/\/www.riavia.hu\/#\/schema\/logo\/image\/"}}]}},"_links":{"self":[{"href":"https:\/\/www.riavia.hu\/index.php?rest_route=\/wp\/v2\/pages\/21","targetHints":{"allow":["GET"]}}],"collection":[{"href":"https:\/\/www.riavia.hu\/index.php?rest_route=\/wp\/v2\/pages"}],"about":[{"href":"https:\/\/www.riavia.hu\/index.php?rest_route=\/wp\/v2\/types\/page"}],"author":[{"embeddable":true,"href":"https:\/\/www.riavia.hu\/index.php?rest_route=\/wp\/v2\/users\/1"}],"replies":[{"embeddable":true,"href":"https:\/\/www.riavia.hu\/index.php?rest_route=%2Fwp%2Fv2%2Fcomments&post=21"}],"version-history":[{"count":6,"href":"https:\/\/www.riavia.hu\/index.php?rest_route=\/wp\/v2\/pages\/21\/revisions"}],"predecessor-version":[{"id":170,"href":"https:\/\/www.riavia.hu\/index.php?rest_route=\/wp\/v2\/pages\/21\/revisions\/170"}],"wp:attachment":[{"href":"https:\/\/www.riavia.hu\/index.php?rest_route=%2Fwp%2Fv2%2Fmedia&parent=21"}],"curies":[{"name":"wp","href":"https:\/\/api.w.org\/{rel}","templated":true}]}}