{"id":7,"date":"2021-02-17T15:08:46","date_gmt":"2021-02-17T15:08:46","guid":{"rendered":"https:\/\/www.riavia.hu\/?page_id=7"},"modified":"2022-10-25T10:43:03","modified_gmt":"2022-10-25T10:43:03","slug":"riavia-vendeghaz-noszvaj-2","status":"publish","type":"page","link":"https:\/\/www.riavia.hu\/?page_id=7","title":{"rendered":"R\u00f3lunk"},"content":{"rendered":"<p>Ott, hol az Alf\u00f6ld s\u00edkj\u00e1b\u00f3l hirtelen kin\u0151nek a hegyek, ott, hol a leveg\u0151t harapni lehet. Ott b\u00fajik meg a mi kis falunk, Noszvaj. Kis patakocska csordog\u00e1l v\u00e9gig a falun, annak partj\u00e1n \u00e1ll, a <em><strong>RiaVia Vend\u00e9gh\u00e1z<\/strong><\/em>.<\/p>\n<p>A telep\u00fcl\u00e9s f\u00e9l\u00faton helyezkedik el Eger \u00e9s Mez\u0151k\u00f6vesd k\u00f6z\u00f6tt, \u00edgy innen kiindulva a k\u00f6rny\u00e9k minden nevezetess\u00e9ge k\u00f6nnyed\u00e9n megk\u00f6zel\u00edthet\u0151.<\/p>\n<p>Remek t\u00far\u00e1t lehet tenni a hegyekben ered\u0151 forr\u00e1sokhoz, a s\u00edkf\u0151k\u00fati tavakhoz, a kapt\u00e1rk\u00f6vekhez, a pincelak\u00e1sokhoz, a De la Motte kast\u00e9lyhoz, melyhez ak\u00e1r\u00a0 ker\u00e9kp\u00e1r is b\u00e9relhet\u0151 vend\u00e9gh\u00e1zunkban. Eger mindenk\u00e9ppen meg\u00e9r egy-k\u00e9t napot, \u00e9s Mez\u0151k\u00f6vesd-Zs\u00f3ry, vagy Bog\u00e1cs gy\u00f3gyf\u00fcrd\u0151je is remek pihen\u00e9st \u00edg\u00e9r.<\/p>\n<p>A RiaVia Vend\u00e9gh\u00e1zban n\u00e9gy k\u00e9tszem\u00e9lyes, f\u00fcrd\u0151szob\u00e1s szoba tal\u00e1lhat\u00f3. A vend\u00e9gh\u00e1z f\u00f6ldszintj\u00e9n t\u00e1gas, j\u00f3l felszerelt konyha-\u00e9tkez\u0151, \u00e9s t\u00e1rsalg\u00f3 helyezkedik el. A\u00a0 teraszon is lehet \u00e9tkezni, pihenni, kertben pedig grillez\u0151-ny\u00e1rsal\u00f3 is rendelkez\u00e9sre \u00e1ll.<\/p>\n<p>Vend\u00e9gh\u00e1zunkat megtekintheted a <a href=\"https:\/\/www.riavia.hu\/?page_id=21\">gal\u00e9ri\u00e1ban <\/a>\u00a0is.<\/p>\n<p>Szeretettel v\u00e1rjuk eg\u00e9sz \u00e9vben a RiaVia Vend\u00e9gh\u00e1zban!<\/p>\n<p>&nbsp;<\/p>\n<p>&nbsp;<\/p>\n<p><em>T\u00e1j\u00e9koztat\u00f3<\/em><\/p>\n<p><em>T\u00e1j\u00e9koztatjuk Tisztelt Vend\u00e9geinket, hogy a kisad\u00f3z\u00f3 v\u00e1llalkoz\u00f3k t\u00e9teles ad\u00f3j\u00e1r\u00f3l sz\u00f3l\u00f3 2022. \u00e9vi XIII. t\u00f6rv\u00e9ny 5. \u00a7 g) pontj\u00e1ra val\u00f3 tekintettel, kiz\u00e1r\u00f3lag mag\u00e1nszem\u00e9lyek r\u00e9sz\u00e9re \u00e1ll m\u00f3dunkban sz\u00e1ll\u00e1st biztos\u00edtani, \u00e9s ezen szolg\u00e1ltat\u00e1sr\u00f3l p\u00e9nz\u00fcgyi bizonylatot ki\u00e1ll\u00edtani.<\/em><\/p>\n<p><em>Meg\u00e9rt\u00e9s\u00fcket k\u00f6sz\u00f6nj\u00fck!<\/em><\/p>\n","protected":false},"excerpt":{"rendered":"<p>Ott, hol az Alf\u00f6ld s\u00edkj\u00e1b\u00f3l hirtelen kin\u0151nek a hegyek, ott, hol a leveg\u0151t harapni lehet. Ott b\u00fajik meg a mi kis falunk, Noszvaj. Kis patakocska csordog\u00e1l v\u00e9gig a falun, annak partj\u00e1n \u00e1ll, a RiaVia Vend\u00e9gh\u00e1z. A telep\u00fcl\u00e9s f\u00e9l\u00faton helyezkedik el Eger \u00e9s Mez\u0151k\u00f6vesd k\u00f6z\u00f6tt, \u00edgy innen kiindulva a k\u00f6rny\u00e9k minden nevezetess\u00e9ge k\u00f6nnyed\u00e9n megk\u00f6zel\u00edthet\u0151. Remek t\u00far\u00e1t [&hellip;]<\/p>\n","protected":false},"author":1,"featured_media":0,"parent":0,"menu_order":1,"comment_status":"closed","ping_status":"closed","template":"","meta":{"_monsterinsights_skip_tracking":false,"_monsterinsights_sitenote_active":false,"_monsterinsights_sitenote_note":"","_monsterinsights_sitenote_category":0,"footnotes":""},"class_list":["post-7","page","type-page","status-publish","hentry"],"yoast_head":"<!-- This site is optimized with the Yoast SEO plugin v27.5 - https:\/\/yoast.com\/product\/yoast-seo-wordpress\/ -->\n<title>R\u00f3lunk - RiaVia Vend\u00e9gh\u00e1z Vend\u00e9gh\u00e1z Noszvaj sz\u00e1ll\u00e1s<\/title>\n<meta name=\"description\" content=\"RiaVia Vend\u00e9gh\u00e1z Noszvaj. Egert\u0151l 10 km-re tal\u00e1lhat\u00f3 a RiaVia Vend\u00e9gh\u00e1z. Ha sz\u00e1ll\u00e1st keres Eger k\u00f6rny\u00e9k\u00e9n akkor v\u00e1lasszon minket!\" \/>\n<meta name=\"robots\" content=\"index, follow, max-snippet:-1, max-image-preview:large, max-video-preview:-1\" \/>\n<link rel=\"canonical\" href=\"https:\/\/www.riavia.hu\/?page_id=7\" \/>\n<meta property=\"og:locale\" content=\"hu_HU\" \/>\n<meta property=\"og:type\" content=\"article\" \/>\n<meta property=\"og:title\" content=\"R\u00f3lunk - RiaVia Vend\u00e9gh\u00e1z Vend\u00e9gh\u00e1z Noszvaj sz\u00e1ll\u00e1s\" \/>\n<meta property=\"og:description\" content=\"RiaVia Vend\u00e9gh\u00e1z Noszvaj. Egert\u0151l 10 km-re tal\u00e1lhat\u00f3 a RiaVia Vend\u00e9gh\u00e1z. Ha sz\u00e1ll\u00e1st keres Eger k\u00f6rny\u00e9k\u00e9n akkor v\u00e1lasszon minket!\" \/>\n<meta property=\"og:url\" content=\"https:\/\/www.riavia.hu\/?page_id=7\" \/>\n<meta property=\"og:site_name\" content=\"RiaVia Vend\u00e9gh\u00e1z\" \/>\n<meta property=\"article:modified_time\" content=\"2022-10-25T10:43:03+00:00\" \/>\n<meta name=\"twitter:card\" content=\"summary_large_image\" \/>\n<meta name=\"twitter:label1\" content=\"Becs\u00fclt olvas\u00e1si id\u0151\" \/>\n\t<meta name=\"twitter:data1\" content=\"1 perc\" \/>\n<script type=\"application\/ld+json\" class=\"yoast-schema-graph\">{\"@context\":\"https:\\\/\\\/schema.org\",\"@graph\":[{\"@type\":\"WebPage\",\"@id\":\"https:\\\/\\\/www.riavia.hu\\\/?page_id=7\",\"url\":\"https:\\\/\\\/www.riavia.hu\\\/?page_id=7\",\"name\":\"R\u00f3lunk - RiaVia Vend\u00e9gh\u00e1z Vend\u00e9gh\u00e1z Noszvaj sz\u00e1ll\u00e1s\",\"isPartOf\":{\"@id\":\"https:\\\/\\\/www.riavia.hu\\\/#website\"},\"datePublished\":\"2021-02-17T15:08:46+00:00\",\"dateModified\":\"2022-10-25T10:43:03+00:00\",\"description\":\"RiaVia Vend\u00e9gh\u00e1z Noszvaj. Egert\u0151l 10 km-re tal\u00e1lhat\u00f3 a RiaVia Vend\u00e9gh\u00e1z. Ha sz\u00e1ll\u00e1st keres Eger k\u00f6rny\u00e9k\u00e9n akkor v\u00e1lasszon minket!\",\"breadcrumb\":{\"@id\":\"https:\\\/\\\/www.riavia.hu\\\/?page_id=7#breadcrumb\"},\"inLanguage\":\"hu\",\"potentialAction\":[{\"@type\":\"ReadAction\",\"target\":[\"https:\\\/\\\/www.riavia.hu\\\/?page_id=7\"]}]},{\"@type\":\"BreadcrumbList\",\"@id\":\"https:\\\/\\\/www.riavia.hu\\\/?page_id=7#breadcrumb\",\"itemListElement\":[{\"@type\":\"ListItem\",\"position\":1,\"name\":\"Home\",\"item\":\"https:\\\/\\\/www.riavia.hu\\\/\"},{\"@type\":\"ListItem\",\"position\":2,\"name\":\"R\u00f3lunk\"}]},{\"@type\":\"WebSite\",\"@id\":\"https:\\\/\\\/www.riavia.hu\\\/#website\",\"url\":\"https:\\\/\\\/www.riavia.hu\\\/\",\"name\":\"RiaVia Vend\u00e9gh\u00e1z\",\"description\":\"...a pihen\u00e9s szabads\u00e1ga...\",\"publisher\":{\"@id\":\"https:\\\/\\\/www.riavia.hu\\\/#organization\"},\"potentialAction\":[{\"@type\":\"SearchAction\",\"target\":{\"@type\":\"EntryPoint\",\"urlTemplate\":\"https:\\\/\\\/www.riavia.hu\\\/?s={search_term_string}\"},\"query-input\":{\"@type\":\"PropertyValueSpecification\",\"valueRequired\":true,\"valueName\":\"search_term_string\"}}],\"inLanguage\":\"hu\"},{\"@type\":\"Organization\",\"@id\":\"https:\\\/\\\/www.riavia.hu\\\/#organization\",\"name\":\"RiaVia Vend\u00e9gh\u00e1z\",\"url\":\"https:\\\/\\\/www.riavia.hu\\\/\",\"logo\":{\"@type\":\"ImageObject\",\"inLanguage\":\"hu\",\"@id\":\"https:\\\/\\\/www.riavia.hu\\\/#\\\/schema\\\/logo\\\/image\\\/\",\"url\":\"\",\"contentUrl\":\"\",\"caption\":\"RiaVia Vend\u00e9gh\u00e1z\"},\"image\":{\"@id\":\"https:\\\/\\\/www.riavia.hu\\\/#\\\/schema\\\/logo\\\/image\\\/\"}}]}<\/script>\n<!-- \/ Yoast SEO plugin. -->","yoast_head_json":{"title":"R\u00f3lunk - RiaVia Vend\u00e9gh\u00e1z Vend\u00e9gh\u00e1z Noszvaj sz\u00e1ll\u00e1s","description":"RiaVia Vend\u00e9gh\u00e1z Noszvaj. Egert\u0151l 10 km-re tal\u00e1lhat\u00f3 a RiaVia Vend\u00e9gh\u00e1z. Ha sz\u00e1ll\u00e1st keres Eger k\u00f6rny\u00e9k\u00e9n akkor v\u00e1lasszon minket!","robots":{"index":"index","follow":"follow","max-snippet":"max-snippet:-1","max-image-preview":"max-image-preview:large","max-video-preview":"max-video-preview:-1"},"canonical":"https:\/\/www.riavia.hu\/?page_id=7","og_locale":"hu_HU","og_type":"article","og_title":"R\u00f3lunk - RiaVia Vend\u00e9gh\u00e1z Vend\u00e9gh\u00e1z Noszvaj sz\u00e1ll\u00e1s","og_description":"RiaVia Vend\u00e9gh\u00e1z Noszvaj. Egert\u0151l 10 km-re tal\u00e1lhat\u00f3 a RiaVia Vend\u00e9gh\u00e1z. Ha sz\u00e1ll\u00e1st keres Eger k\u00f6rny\u00e9k\u00e9n akkor v\u00e1lasszon minket!","og_url":"https:\/\/www.riavia.hu\/?page_id=7","og_site_name":"RiaVia Vend\u00e9gh\u00e1z","article_modified_time":"2022-10-25T10:43:03+00:00","twitter_card":"summary_large_image","twitter_misc":{"Becs\u00fclt olvas\u00e1si id\u0151":"1 perc"},"schema":{"@context":"https:\/\/schema.org","@graph":[{"@type":"WebPage","@id":"https:\/\/www.riavia.hu\/?page_id=7","url":"https:\/\/www.riavia.hu\/?page_id=7","name":"R\u00f3lunk - RiaVia Vend\u00e9gh\u00e1z Vend\u00e9gh\u00e1z Noszvaj sz\u00e1ll\u00e1s","isPartOf":{"@id":"https:\/\/www.riavia.hu\/#website"},"datePublished":"2021-02-17T15:08:46+00:00","dateModified":"2022-10-25T10:43:03+00:00","description":"RiaVia Vend\u00e9gh\u00e1z Noszvaj. Egert\u0151l 10 km-re tal\u00e1lhat\u00f3 a RiaVia Vend\u00e9gh\u00e1z. Ha sz\u00e1ll\u00e1st keres Eger k\u00f6rny\u00e9k\u00e9n akkor v\u00e1lasszon minket!","breadcrumb":{"@id":"https:\/\/www.riavia.hu\/?page_id=7#breadcrumb"},"inLanguage":"hu","potentialAction":[{"@type":"ReadAction","target":["https:\/\/www.riavia.hu\/?page_id=7"]}]},{"@type":"BreadcrumbList","@id":"https:\/\/www.riavia.hu\/?page_id=7#breadcrumb","itemListElement":[{"@type":"ListItem","position":1,"name":"Home","item":"https:\/\/www.riavia.hu\/"},{"@type":"ListItem","position":2,"name":"R\u00f3lunk"}]},{"@type":"WebSite","@id":"https:\/\/www.riavia.hu\/#website","url":"https:\/\/www.riavia.hu\/","name":"RiaVia Vend\u00e9gh\u00e1z","description":"...a pihen\u00e9s szabads\u00e1ga...","publisher":{"@id":"https:\/\/www.riavia.hu\/#organization"},"potentialAction":[{"@type":"SearchAction","target":{"@type":"EntryPoint","urlTemplate":"https:\/\/www.riavia.hu\/?s={search_term_string}"},"query-input":{"@type":"PropertyValueSpecification","valueRequired":true,"valueName":"search_term_string"}}],"inLanguage":"hu"},{"@type":"Organization","@id":"https:\/\/www.riavia.hu\/#organization","name":"RiaVia Vend\u00e9gh\u00e1z","url":"https:\/\/www.riavia.hu\/","logo":{"@type":"ImageObject","inLanguage":"hu","@id":"https:\/\/www.riavia.hu\/#\/schema\/logo\/image\/","url":"","contentUrl":"","caption":"RiaVia Vend\u00e9gh\u00e1z"},"image":{"@id":"https:\/\/www.riavia.hu\/#\/schema\/logo\/image\/"}}]}},"_links":{"self":[{"href":"https:\/\/www.riavia.hu\/index.php?rest_route=\/wp\/v2\/pages\/7","targetHints":{"allow":["GET"]}}],"collection":[{"href":"https:\/\/www.riavia.hu\/index.php?rest_route=\/wp\/v2\/pages"}],"about":[{"href":"https:\/\/www.riavia.hu\/index.php?rest_route=\/wp\/v2\/types\/page"}],"author":[{"embeddable":true,"href":"https:\/\/www.riavia.hu\/index.php?rest_route=\/wp\/v2\/users\/1"}],"replies":[{"embeddable":true,"href":"https:\/\/www.riavia.hu\/index.php?rest_route=%2Fwp%2Fv2%2Fcomments&post=7"}],"version-history":[{"count":6,"href":"https:\/\/www.riavia.hu\/index.php?rest_route=\/wp\/v2\/pages\/7\/revisions"}],"predecessor-version":[{"id":148,"href":"https:\/\/www.riavia.hu\/index.php?rest_route=\/wp\/v2\/pages\/7\/revisions\/148"}],"wp:attachment":[{"href":"https:\/\/www.riavia.hu\/index.php?rest_route=%2Fwp%2Fv2%2Fmedia&parent=7"}],"curies":[{"name":"wp","href":"https:\/\/api.w.org\/{rel}","templated":true}]}}